{"id":14,"date":"2023-01-05T11:20:17","date_gmt":"2023-01-05T11:20:17","guid":{"rendered":"https:\/\/cress.ru.is\/wordpress\/?page_id=14"},"modified":"2026-03-18T13:13:40","modified_gmt":"2026-03-18T13:13:40","slug":"members","status":"publish","type":"page","link":"https:\/\/cress.ru.is\/wordpress\/?page_id=14","title":{"rendered":"Members"},"content":{"rendered":"\n<h3 class=\"wp-block-heading\">Faculty<\/h3>\n\n\n\n<div class=\"wp-block-group has-global-padding is-layout-constrained wp-block-group-is-layout-constrained\">\n<div class=\"wp-block-columns is-layout-flex wp-container-core-columns-is-layout-28f84493 wp-block-columns-is-layout-flex\">\n<div class=\"wp-block-column is-layout-flow wp-block-column-is-layout-flow\" style=\"flex-basis:33.33%\">\n<figure class=\"wp-block-image size-full is-resized\"><img loading=\"lazy\" decoding=\"async\" width=\"480\" height=\"480\" src=\"https:\/\/cress.ru.is\/wordpress\/wp-content\/uploads\/2023\/01\/Grischa-Liebel.jpg\" alt=\"\" class=\"wp-image-71\" style=\"width:200px;height:200px\" srcset=\"https:\/\/cress.ru.is\/wordpress\/wp-content\/uploads\/2023\/01\/Grischa-Liebel.jpg 480w, https:\/\/cress.ru.is\/wordpress\/wp-content\/uploads\/2023\/01\/Grischa-Liebel-300x300.jpg 300w, https:\/\/cress.ru.is\/wordpress\/wp-content\/uploads\/2023\/01\/Grischa-Liebel-150x150.jpg 150w\" sizes=\"auto, (max-width: 480px) 100vw, 480px\" \/><figcaption class=\"wp-element-caption\">Director, Associate Professor<\/figcaption><\/figure>\n<\/div>\n\n\n\n<div class=\"wp-block-column is-layout-flow wp-block-column-is-layout-flow\" style=\"flex-basis:66.66%\">\n<h4 class=\"wp-block-heading\">Grischa Liebel<\/h4>\n\n\n\n<p class=\"has-text-align-left has-small-font-size\">Grischa Liebel holds a Ph.D. from Chalmers University, Sweden, on Model-Based Requirements Engineering. Grischa conducts research on Software Engineering, Human Factors, and Education. He is a member of the editorial board for Springer Empirical Software Engineering. <\/p>\n\n\n\n<p class=\"has-small-font-size\">Web: <a rel=\"noreferrer noopener\" href=\"https:\/\/grischaliebel.de\" target=\"_blank\">Personal Website<\/a><\/p>\n<\/div>\n<\/div>\n<\/div>\n\n\n\n<div class=\"wp-block-group has-global-padding is-layout-constrained wp-block-group-is-layout-constrained\">\n<div class=\"wp-block-columns is-layout-flex wp-container-core-columns-is-layout-28f84493 wp-block-columns-is-layout-flex\">\n<div class=\"wp-block-column is-layout-flow wp-block-column-is-layout-flow\" style=\"flex-basis:33.33%\">\n<figure class=\"wp-block-image size-full is-resized\"><img loading=\"lazy\" decoding=\"async\" width=\"247\" height=\"247\" src=\"https:\/\/cress.ru.is\/wordpress\/wp-content\/uploads\/2023\/03\/me-1.jpg\" alt=\"\" class=\"wp-image-213\" style=\"width:200px;height:200px\" srcset=\"https:\/\/cress.ru.is\/wordpress\/wp-content\/uploads\/2023\/03\/me-1.jpg 247w, https:\/\/cress.ru.is\/wordpress\/wp-content\/uploads\/2023\/03\/me-1-150x150.jpg 150w\" sizes=\"auto, (max-width: 247px) 100vw, 247px\" \/><figcaption class=\"wp-element-caption\">Assistant Professor<\/figcaption><\/figure>\n<\/div>\n\n\n\n<div class=\"wp-block-column is-layout-flow wp-block-column-is-layout-flow\" style=\"flex-basis:66.66%\">\n<h4 class=\"wp-block-heading\">Gylfi \u00de\u00f3r Gu\u00f0mundsson<\/h4>\n\n\n\n<p class=\"has-text-align-left has-small-font-size\">Gylfi \u00de\u00f3r Gu\u00f0mundsson was a student at RU (BSc  &amp; MSc). He followed that with a PhD in Rennes, France. He won the Inria@SiliconValley grant and was at UC Berkeley, USA, as a post-doc(with AMP-Lab). After the post-doc he joined RU, and CRESS, back in 2015.  Gylfi has wide range of interest including: CV, CBIR, Big Data systems, drones, security etc.<\/p>\n\n\n\n<p class=\"has-small-font-size\">Web: <a href=\"https:\/\/scholar.google.com\/citations?user=MgnP0RQAAAAJ\" target=\"_blank\" rel=\"noreferrer noopener\">Google Scholar<\/a><\/p>\n<\/div>\n<\/div>\n<\/div>\n\n\n\n<div class=\"wp-block-group has-global-padding is-layout-constrained wp-block-group-is-layout-constrained\">\n<div class=\"wp-block-columns is-layout-flex wp-container-core-columns-is-layout-28f84493 wp-block-columns-is-layout-flex\">\n<div class=\"wp-block-column is-layout-flow wp-block-column-is-layout-flow\" style=\"flex-basis:33.33%\">\n<figure class=\"wp-block-image size-full is-resized\"><img loading=\"lazy\" decoding=\"async\" width=\"2000\" height=\"2000\" src=\"https:\/\/cress.ru.is\/wordpress\/wp-content\/uploads\/2023\/01\/Bjorn-Square-Medium.jpeg\" alt=\"\" class=\"wp-image-137\" style=\"width:200px;height:200px\" srcset=\"https:\/\/cress.ru.is\/wordpress\/wp-content\/uploads\/2023\/01\/Bjorn-Square-Medium.jpeg 2000w, https:\/\/cress.ru.is\/wordpress\/wp-content\/uploads\/2023\/01\/Bjorn-Square-Medium-300x300.jpeg 300w, https:\/\/cress.ru.is\/wordpress\/wp-content\/uploads\/2023\/01\/Bjorn-Square-Medium-1024x1024.jpeg 1024w, https:\/\/cress.ru.is\/wordpress\/wp-content\/uploads\/2023\/01\/Bjorn-Square-Medium-150x150.jpeg 150w, https:\/\/cress.ru.is\/wordpress\/wp-content\/uploads\/2023\/01\/Bjorn-Square-Medium-768x768.jpeg 768w, https:\/\/cress.ru.is\/wordpress\/wp-content\/uploads\/2023\/01\/Bjorn-Square-Medium-1536x1536.jpeg 1536w\" sizes=\"auto, (max-width: 2000px) 100vw, 2000px\" \/><figcaption class=\"wp-element-caption\">Professor<\/figcaption><\/figure>\n<\/div>\n\n\n\n<div class=\"wp-block-column is-layout-flow wp-block-column-is-layout-flow\" style=\"flex-basis:66.66%\">\n<h4 class=\"wp-block-heading\">Bj\u00f6rn \u00de\u00f3r J\u00f3nsson<\/h4>\n\n\n\n<p class=\"has-text-align-left has-small-font-size\">Bj\u00f6rn \u00de\u00f3r J\u00f3nsson holds a PhD from the University of Maryland, College Park, USA. Bj\u00f6rn works within the broad field of Multimedia Analytics, applying data management techniques to improve the scalability of multimedia analytics and retrieval.<\/p>\n\n\n\n<p class=\"has-small-font-size\">Web: <a href=\"http:\/\/staff.ru.is\/bjorn\/\" target=\"_blank\" rel=\"noreferrer noopener\">http:\/\/staff.ru.is\/bjorn\/<\/a><\/p>\n<\/div>\n<\/div>\n<\/div>\n\n\n\n<div class=\"wp-block-group has-global-padding is-layout-constrained wp-block-group-is-layout-constrained\">\n<div class=\"wp-block-columns is-layout-flex wp-container-core-columns-is-layout-28f84493 wp-block-columns-is-layout-flex\">\n<div class=\"wp-block-column is-layout-flow wp-block-column-is-layout-flow\" style=\"flex-basis:33.33%\">\n<figure class=\"wp-block-image size-full is-resized\"><img loading=\"lazy\" decoding=\"async\" width=\"417\" height=\"392\" src=\"https:\/\/cress.ru.is\/wordpress\/wp-content\/uploads\/2025\/03\/Marcel-Kyas-new-1024x683-1.jpg\" alt=\"\" class=\"wp-image-302\" style=\"width:200px\" srcset=\"https:\/\/cress.ru.is\/wordpress\/wp-content\/uploads\/2025\/03\/Marcel-Kyas-new-1024x683-1.jpg 417w, https:\/\/cress.ru.is\/wordpress\/wp-content\/uploads\/2025\/03\/Marcel-Kyas-new-1024x683-1-300x282.jpg 300w\" sizes=\"auto, (max-width: 417px) 100vw, 417px\" \/><figcaption class=\"wp-element-caption\">Assistant Professor<\/figcaption><\/figure>\n<\/div>\n\n\n\n<div class=\"wp-block-column is-layout-flow wp-block-column-is-layout-flow\" style=\"flex-basis:66.66%\">\n<h4 class=\"wp-block-heading\">Marcel Kyas<\/h4>\n\n\n\n<p class=\"has-small-font-size\">Marcel Kyas received his Ph.D. from the University of Leiden in 2006. Since 2015, he has worked at Reykjavik University. He researches indoor positioning systems and their empirical validation, Cyber-Physical Systems and their safety and security, and autonomous robotics.<\/p>\n\n\n\n<p class=\"has-small-font-size\">Marcel is a co-founder of the <a rel=\"noreferrer noopener\" href=\"https:\/\/riot.ru.is\/\" target=\"_blank\">RIoT lab<\/a>.<\/p>\n\n\n\n<p class=\"has-small-font-size\">Web: <a href=\"https:\/\/scholar.google.com\/citations?user=fGCgk_EAAAAJ\" target=\"_blank\" rel=\"noreferrer noopener\">Google Scholar<\/a><\/p>\n<\/div>\n<\/div>\n<\/div>\n\n\n\n<div class=\"wp-block-group has-global-padding is-layout-constrained wp-block-group-is-layout-constrained\">\n<div class=\"wp-block-columns is-layout-flex wp-container-core-columns-is-layout-28f84493 wp-block-columns-is-layout-flex\">\n<div class=\"wp-block-column is-layout-flow wp-block-column-is-layout-flow\" style=\"flex-basis:33.33%\">\n<figure class=\"wp-block-image size-full\"><img loading=\"lazy\" decoding=\"async\" width=\"399\" height=\"400\" src=\"https:\/\/cress.ru.is\/wordpress\/wp-content\/uploads\/2024\/05\/SO-thumb.jpg\" alt=\"\" class=\"wp-image-266\" srcset=\"https:\/\/cress.ru.is\/wordpress\/wp-content\/uploads\/2024\/05\/SO-thumb.jpg 399w, https:\/\/cress.ru.is\/wordpress\/wp-content\/uploads\/2024\/05\/SO-thumb-300x300.jpg 300w, https:\/\/cress.ru.is\/wordpress\/wp-content\/uploads\/2024\/05\/SO-thumb-150x150.jpg 150w\" sizes=\"auto, (max-width: 399px) 100vw, 399px\" \/><figcaption class=\"wp-element-caption\">Assistant Professor<\/figcaption><\/figure>\n<\/div>\n\n\n\n<div class=\"wp-block-column is-layout-flow wp-block-column-is-layout-flow\" style=\"flex-basis:66.66%\">\n<h4 class=\"wp-block-heading\">Stef\u00e1n \u00d3lafsson<\/h4>\n\n\n\n<p class=\"has-text-align-left has-small-font-size\">Stef\u00e1n \u00d3lafsson received his Ph.D. from Northeastern University in Boston MA in 2021. His research is at the intersection of natural language processing, human-computer interaction, and health sciences.<\/p>\n\n\n\n<p class=\"has-small-font-size\">Web: <a href=\"https:\/\/scholar.google.com\/citations?user=F0xHwH8AAAAJ\" target=\"_blank\" rel=\"noreferrer noopener\">Google Scholar<\/a>, <a href=\"https:\/\/www.linkedin.com\/in\/stefanolafs\/\" data-type=\"link\" data-id=\"https:\/\/www.linkedin.com\/in\/stefanolafs\/\">LinkedIn<\/a><\/p>\n<\/div>\n<\/div>\n<\/div>\n\n\n\n<div class=\"wp-block-group has-global-padding is-layout-constrained wp-block-group-is-layout-constrained\">\n<div class=\"wp-block-columns is-layout-flex wp-container-core-columns-is-layout-28f84493 wp-block-columns-is-layout-flex\">\n<div class=\"wp-block-column is-layout-flow wp-block-column-is-layout-flow\" style=\"flex-basis:33.33%\">\n<figure class=\"wp-block-image size-full is-resized\"><img loading=\"lazy\" decoding=\"async\" width=\"417\" height=\"392\" src=\"https:\/\/cress.ru.is\/wordpress\/wp-content\/uploads\/2025\/03\/maria.jpg\" alt=\"\" class=\"wp-image-301\" style=\"width:209px;height:196px\" srcset=\"https:\/\/cress.ru.is\/wordpress\/wp-content\/uploads\/2025\/03\/maria.jpg 417w, https:\/\/cress.ru.is\/wordpress\/wp-content\/uploads\/2025\/03\/maria-300x282.jpg 300w\" sizes=\"auto, (max-width: 417px) 100vw, 417px\" \/><figcaption class=\"wp-element-caption\">Associate Professor<\/figcaption><\/figure>\n<\/div>\n\n\n\n<div class=\"wp-block-column is-layout-flow wp-block-column-is-layout-flow\" style=\"flex-basis:66.66%\">\n<h4 class=\"wp-block-heading\">Mar\u00eda \u00d3skarsd\u00f3ttir<\/h4>\n\n\n\n<p class=\"has-text-align-left has-small-font-size\">Mar\u00eda. <\/p>\n\n\n\n<p class=\"has-small-font-size\">Web: <a href=\"https:\/\/scholar.google.com\/citations?user=-R5x1_QAAAAJ\" target=\"_blank\" rel=\"noreferrer noopener\">Google Scholar<\/a><\/p>\n<\/div>\n<\/div>\n<\/div>\n\n\n\n<div class=\"wp-block-group has-global-padding is-layout-constrained wp-block-group-is-layout-constrained\">\n<div class=\"wp-block-columns is-layout-flex wp-container-core-columns-is-layout-28f84493 wp-block-columns-is-layout-flex\">\n<div class=\"wp-block-column is-layout-flow wp-block-column-is-layout-flow\" style=\"flex-basis:33.33%\">\n<figure class=\"wp-block-image size-large\"><img loading=\"lazy\" decoding=\"async\" width=\"1014\" height=\"1024\" src=\"https:\/\/cress.ru.is\/wordpress\/wp-content\/uploads\/2023\/03\/PortSquareHR-1014x1024.jpg\" alt=\"\" class=\"wp-image-232\" srcset=\"https:\/\/cress.ru.is\/wordpress\/wp-content\/uploads\/2023\/03\/PortSquareHR-1014x1024.jpg 1014w, https:\/\/cress.ru.is\/wordpress\/wp-content\/uploads\/2023\/03\/PortSquareHR-297x300.jpg 297w, https:\/\/cress.ru.is\/wordpress\/wp-content\/uploads\/2023\/03\/PortSquareHR-150x150.jpg 150w, https:\/\/cress.ru.is\/wordpress\/wp-content\/uploads\/2023\/03\/PortSquareHR-768x775.jpg 768w, https:\/\/cress.ru.is\/wordpress\/wp-content\/uploads\/2023\/03\/PortSquareHR-1522x1536.jpg 1522w, https:\/\/cress.ru.is\/wordpress\/wp-content\/uploads\/2023\/03\/PortSquareHR-2029x2048.jpg 2029w\" sizes=\"auto, (max-width: 1014px) 100vw, 1014px\" \/><figcaption class=\"wp-element-caption\">Associate Professor<\/figcaption><\/figure>\n<\/div>\n\n\n\n<div class=\"wp-block-column is-layout-flow wp-block-column-is-layout-flow\" style=\"flex-basis:66.66%\">\n<h4 class=\"wp-block-heading\">Hans Peter Reiser<\/h4>\n\n\n\n<p class=\"has-small-font-size\">Hans P. Reiser holds a PhD from Ulm University, Germany, and joined Reykjavik University in January 2022. He works on secure and reliable distributed systems, specifically on virtual machine introspection and its applications in malware detection, analysis and digital forensics, as well as on intrusion-tolerant systems and Byzantine fault tolerant algorithms.<\/p>\n\n\n\n<p class=\"has-small-font-size\">Web: <a href=\"https:\/\/scholar.google.com\/citations?user=Ki7gD2wAAAAJ\" target=\"_blank\" rel=\"noreferrer noopener\">Google Scholar<\/a><\/p>\n<\/div>\n<\/div>\n<\/div>\n\n\n\n<h3 class=\"wp-block-heading\">Postdocs<\/h3>\n\n\n\n<div class=\"wp-block-group has-global-padding is-layout-constrained wp-block-group-is-layout-constrained\">\n<div class=\"wp-block-columns is-layout-flex wp-container-core-columns-is-layout-28f84493 wp-block-columns-is-layout-flex\">\n<div class=\"wp-block-column is-layout-flow wp-block-column-is-layout-flow\" style=\"flex-basis:33.33%\">\n<figure class=\"wp-block-image size-medium is-resized\"><img loading=\"lazy\" decoding=\"async\" width=\"300\" height=\"282\" src=\"https:\/\/cress.ru.is\/wordpress\/wp-content\/uploads\/2025\/03\/omar-300x282.jpg\" alt=\"\" class=\"wp-image-300\" style=\"width:200px;height:200px\" srcset=\"https:\/\/cress.ru.is\/wordpress\/wp-content\/uploads\/2025\/03\/omar-300x282.jpg 300w, https:\/\/cress.ru.is\/wordpress\/wp-content\/uploads\/2025\/03\/omar.jpg 417w\" sizes=\"auto, (max-width: 300px) 100vw, 300px\" \/><figcaption class=\"wp-element-caption\">Postdoc<\/figcaption><\/figure>\n<\/div>\n\n\n\n<div class=\"wp-block-column is-layout-flow wp-block-column-is-layout-flow\" style=\"flex-basis:66.66%\">\n<h4 class=\"wp-block-heading\">Omar Shahbaz Khan<\/h4>\n\n\n\n<p class=\"has-text-align-left has-small-font-size\">Omar<\/p>\n\n\n\n<p class=\"has-small-font-size\">Web:<\/p>\n<\/div>\n<\/div>\n<\/div>\n\n\n\n<div class=\"wp-block-group has-global-padding is-layout-constrained wp-block-group-is-layout-constrained\">\n<div class=\"wp-block-columns is-layout-flex wp-container-core-columns-is-layout-28f84493 wp-block-columns-is-layout-flex\">\n<div class=\"wp-block-column is-layout-flow wp-block-column-is-layout-flow\" style=\"flex-basis:33.33%\">\n<figure class=\"wp-block-image size-medium\"><img loading=\"lazy\" decoding=\"async\" width=\"300\" height=\"282\" src=\"https:\/\/cress.ru.is\/wordpress\/wp-content\/uploads\/2025\/03\/pragya-300x282.jpg\" alt=\"\" class=\"wp-image-299\" srcset=\"https:\/\/cress.ru.is\/wordpress\/wp-content\/uploads\/2025\/03\/pragya-300x282.jpg 300w, https:\/\/cress.ru.is\/wordpress\/wp-content\/uploads\/2025\/03\/pragya.jpg 417w\" sizes=\"auto, (max-width: 300px) 100vw, 300px\" \/><figcaption class=\"wp-element-caption\">Postdoc<\/figcaption><\/figure>\n<\/div>\n\n\n\n<div class=\"wp-block-column is-layout-flow wp-block-column-is-layout-flow\" style=\"flex-basis:66.66%\">\n<h4 class=\"wp-block-heading\">Pragya Verma<\/h4>\n\n\n\n<p class=\"has-text-align-left has-small-font-size\">Pragya<\/p>\n\n\n\n<p class=\"has-small-font-size\">Web: <a href=\"https:\/\/scholar.google.com\/citations?hl=en&amp;user=Tuvt7oQAAAAJ\">Google Scholar<\/a><\/p>\n<\/div>\n<\/div>\n<\/div>\n\n\n\n<h3 class=\"wp-block-heading\">PhD Students<\/h3>\n\n\n\n<div class=\"wp-block-group has-global-padding is-layout-constrained wp-block-group-is-layout-constrained\">\n<div class=\"wp-block-columns is-layout-flex wp-container-core-columns-is-layout-28f84493 wp-block-columns-is-layout-flex\">\n<div class=\"wp-block-column is-layout-flow wp-block-column-is-layout-flow\" style=\"flex-basis:33.33%\">\n<figure class=\"wp-block-image alignleft size-full is-resized has-custom-border\"><img loading=\"lazy\" decoding=\"async\" width=\"417\" height=\"393\" src=\"https:\/\/cress.ru.is\/wordpress\/wp-content\/uploads\/2025\/03\/marcos-1.jpg\" alt=\"\" class=\"wp-image-296\" style=\"border-style:none;border-width:0px;border-radius:0px;width:200px\" srcset=\"https:\/\/cress.ru.is\/wordpress\/wp-content\/uploads\/2025\/03\/marcos-1.jpg 417w, https:\/\/cress.ru.is\/wordpress\/wp-content\/uploads\/2025\/03\/marcos-1-300x283.jpg 300w\" sizes=\"auto, (max-width: 417px) 100vw, 417px\" \/><figcaption class=\"wp-element-caption\">PhD Student<\/figcaption><\/figure>\n<\/div>\n\n\n\n<div class=\"wp-block-column is-layout-flow wp-block-column-is-layout-flow\" style=\"border-style:none;border-width:0px;padding-top:0;padding-right:0;padding-bottom:0;padding-left:0;flex-basis:66.66%\">\n<h4 class=\"wp-block-heading\">Marcos Vinicius Cruz<\/h4>\n\n\n\n<p class=\"has-text-align-left has-small-font-size\">Marcos.<\/p>\n\n\n\n<p class=\"has-small-font-size\">Web:<\/p>\n<\/div>\n<\/div>\n<\/div>\n\n\n\n<div class=\"wp-block-group has-global-padding is-layout-constrained wp-block-group-is-layout-constrained\">\n<div class=\"wp-block-columns is-layout-flex wp-container-core-columns-is-layout-28f84493 wp-block-columns-is-layout-flex\">\n<div class=\"wp-block-column is-layout-flow wp-block-column-is-layout-flow\" style=\"flex-basis:33.33%\">\n<figure class=\"wp-block-image size-full is-resized\"><img loading=\"lazy\" decoding=\"async\" width=\"417\" height=\"392\" src=\"https:\/\/cress.ru.is\/wordpress\/wp-content\/uploads\/2025\/03\/naizeth.jpg\" alt=\"\" class=\"wp-image-295\" style=\"width:200px;height:200px\" srcset=\"https:\/\/cress.ru.is\/wordpress\/wp-content\/uploads\/2025\/03\/naizeth.jpg 417w, https:\/\/cress.ru.is\/wordpress\/wp-content\/uploads\/2025\/03\/naizeth-300x282.jpg 300w\" sizes=\"auto, (max-width: 417px) 100vw, 417px\" \/><figcaption class=\"wp-element-caption\">PhD Student<\/figcaption><\/figure>\n<\/div>\n\n\n\n<div class=\"wp-block-column is-layout-flow wp-block-column-is-layout-flow\" style=\"flex-basis:66.66%\">\n<h4 class=\"wp-block-heading\">Naizeth N\u00fa\u00f1ez Mac\u00edas<\/h4>\n\n\n\n<p class=\"has-text-align-left has-small-font-size\">Naizeth N\u00fa\u00f1ez Mac\u00edas did her Master&#8217;s in Linguistics with focus on Computational Linguistics and Neurolinguistics from Bielefeld University, Germany. Her current Ph.D. project focuses on natural language processing methods in the context of speech-language pathology.<\/p>\n\n\n\n<p class=\"has-small-font-size\">Web:<a href=\"https:\/\/scholar.google.com\/citations?user=9f1qpNEAAAAJ&amp;hl=en\"> Google Scholar<\/a><\/p>\n<\/div>\n<\/div>\n<\/div>\n\n\n\n<div class=\"wp-block-group has-global-padding is-layout-constrained wp-block-group-is-layout-constrained\">\n<div class=\"wp-block-columns is-layout-flex wp-container-core-columns-is-layout-28f84493 wp-block-columns-is-layout-flex\">\n<div class=\"wp-block-column is-layout-flow wp-block-column-is-layout-flow\" style=\"flex-basis:33.33%\">\n<figure class=\"wp-block-image size-full is-resized\"><img loading=\"lazy\" decoding=\"async\" width=\"417\" height=\"392\" src=\"https:\/\/cress.ru.is\/wordpress\/wp-content\/uploads\/2025\/03\/daiana.jpg\" alt=\"\" class=\"wp-image-297\" style=\"width:200px;height:200px\" srcset=\"https:\/\/cress.ru.is\/wordpress\/wp-content\/uploads\/2025\/03\/daiana.jpg 417w, https:\/\/cress.ru.is\/wordpress\/wp-content\/uploads\/2025\/03\/daiana-300x282.jpg 300w\" sizes=\"auto, (max-width: 417px) 100vw, 417px\" \/><figcaption class=\"wp-element-caption\">PhD Student<\/figcaption><\/figure>\n<\/div>\n\n\n\n<div class=\"wp-block-column is-layout-flow wp-block-column-is-layout-flow\" style=\"flex-basis:66.66%\">\n<h4 class=\"wp-block-heading\">Daiana Mara de Oliveira<\/h4>\n\n\n\n<p class=\"has-text-align-left has-small-font-size\">Daiana<\/p>\n\n\n\n<p class=\"has-small-font-size\">Web:<\/p>\n<\/div>\n<\/div>\n<\/div>\n\n\n\n<div class=\"wp-block-group has-global-padding is-layout-constrained wp-block-group-is-layout-constrained\">\n<div class=\"wp-block-columns is-layout-flex wp-container-core-columns-is-layout-28f84493 wp-block-columns-is-layout-flex\">\n<div class=\"wp-block-column is-layout-flow wp-block-column-is-layout-flow\" style=\"flex-basis:33.33%\">\n<figure class=\"wp-block-image size-full is-resized\"><img loading=\"lazy\" decoding=\"async\" width=\"417\" height=\"392\" src=\"https:\/\/cress.ru.is\/wordpress\/wp-content\/uploads\/2023\/01\/person_woman.jpg\" alt=\"A woman, picture designed by Freepik\" class=\"wp-image-61\" style=\"width:200px\" srcset=\"https:\/\/cress.ru.is\/wordpress\/wp-content\/uploads\/2023\/01\/person_woman.jpg 417w, https:\/\/cress.ru.is\/wordpress\/wp-content\/uploads\/2023\/01\/person_woman-300x282.jpg 300w\" sizes=\"auto, (max-width: 417px) 100vw, 417px\" \/><figcaption class=\"wp-element-caption\">PhD Student<\/figcaption><\/figure>\n<\/div>\n\n\n\n<div class=\"wp-block-column is-layout-flow wp-block-column-is-layout-flow\" style=\"flex-basis:66.66%\">\n<h4 class=\"wp-block-heading\">Maria Eirini Pegia<\/h4>\n\n\n\n<p class=\"has-text-align-left has-small-font-size\">Maria.<\/p>\n\n\n\n<p class=\"has-small-font-size\">Web: <\/p>\n<\/div>\n<\/div>\n<\/div>\n\n\n\n<div class=\"wp-block-group has-global-padding is-layout-constrained wp-block-group-is-layout-constrained\">\n<div class=\"wp-block-columns is-layout-flex wp-container-core-columns-is-layout-28f84493 wp-block-columns-is-layout-flex\">\n<div class=\"wp-block-column is-layout-flow wp-block-column-is-layout-flow\" style=\"flex-basis:33.33%\">\n<figure class=\"wp-block-image size-full is-resized\"><img loading=\"lazy\" decoding=\"async\" width=\"417\" height=\"392\" src=\"https:\/\/cress.ru.is\/wordpress\/wp-content\/uploads\/2025\/03\/loka.jpg\" alt=\"\" class=\"wp-image-298\" style=\"width:200px\" srcset=\"https:\/\/cress.ru.is\/wordpress\/wp-content\/uploads\/2025\/03\/loka.jpg 417w, https:\/\/cress.ru.is\/wordpress\/wp-content\/uploads\/2025\/03\/loka-300x282.jpg 300w\" sizes=\"auto, (max-width: 417px) 100vw, 417px\" \/><figcaption class=\"wp-element-caption\">PhD Student<\/figcaption><\/figure>\n<\/div>\n\n\n\n<div class=\"wp-block-column is-layout-flow wp-block-column-is-layout-flow\" style=\"flex-basis:66.66%\">\n<h4 class=\"wp-block-heading\">Lokamruth K R<\/h4>\n\n\n\n<p class=\"has-text-align-left has-small-font-size\">Lokamruth.<\/p>\n\n\n\n<p class=\"has-small-font-size\">Web: <\/p>\n<\/div>\n<\/div>\n<\/div>\n","protected":false},"excerpt":{"rendered":"<p>Faculty Grischa Liebel Grischa Liebel holds a Ph.D. from Chalmers University, Sweden, on Model-Based Requirements Engineering. Grischa conducts research on Software Engineering, Human Factors, and Education. He is a member of the editorial board for Springer Empirical Software Engineering. Web: Personal Website Gylfi \u00de\u00f3r Gu\u00f0mundsson Gylfi \u00de\u00f3r Gu\u00f0mundsson was a student at RU (BSc &amp; [&hellip;]<\/p>\n","protected":false},"author":1,"featured_media":0,"parent":0,"menu_order":0,"comment_status":"closed","ping_status":"closed","template":"","meta":{"footnotes":""},"class_list":["post-14","page","type-page","status-publish","hentry"],"_links":{"self":[{"href":"https:\/\/cress.ru.is\/wordpress\/index.php?rest_route=\/wp\/v2\/pages\/14","targetHints":{"allow":["GET"]}}],"collection":[{"href":"https:\/\/cress.ru.is\/wordpress\/index.php?rest_route=\/wp\/v2\/pages"}],"about":[{"href":"https:\/\/cress.ru.is\/wordpress\/index.php?rest_route=\/wp\/v2\/types\/page"}],"author":[{"embeddable":true,"href":"https:\/\/cress.ru.is\/wordpress\/index.php?rest_route=\/wp\/v2\/users\/1"}],"replies":[{"embeddable":true,"href":"https:\/\/cress.ru.is\/wordpress\/index.php?rest_route=%2Fwp%2Fv2%2Fcomments&post=14"}],"version-history":[{"count":79,"href":"https:\/\/cress.ru.is\/wordpress\/index.php?rest_route=\/wp\/v2\/pages\/14\/revisions"}],"predecessor-version":[{"id":315,"href":"https:\/\/cress.ru.is\/wordpress\/index.php?rest_route=\/wp\/v2\/pages\/14\/revisions\/315"}],"wp:attachment":[{"href":"https:\/\/cress.ru.is\/wordpress\/index.php?rest_route=%2Fwp%2Fv2%2Fmedia&parent=14"}],"curies":[{"name":"wp","href":"https:\/\/api.w.org\/{rel}","templated":true}]}}